{"id":887,"date":"2017-07-13T12:25:54","date_gmt":"2017-07-13T12:25:54","guid":{"rendered":"http:\/\/www.home.bauphase.eu\/?page_id=887"},"modified":"2017-07-13T12:25:54","modified_gmt":"2017-07-13T12:25:54","slug":"rumfordstrasse-11a-rueckgebaeude","status":"publish","type":"page","link":"http:\/\/www.home.bauphase.eu\/?page_id=887","title":{"rendered":"Rumfordstrasse 11a &#8211; R\u00fcckgeb\u00e4ude"},"content":{"rendered":"<p><a href=\"http:\/\/www.home.bauphase.eu\/wordpress\/wp-content\/gallery\/R11a RG\/R11aRG2.jpg\" rel=\"lightbox[]\"><img decoding=\"async\" class=\"ngg-singlepic ngg-center\" src=\"http:\/\/www.home.bauphase.eu\/wordpress\/wp-content\/gallery\/R11a RG-thumbs\/R11aRG1.jpg\" alt=\"R11a RG\" \/><\/a><\/p>\n<p>Beim Neubau des R\u00fcckgeb\u00e4udes der Rumfordstra\u00dfe 11a handelt es sich um ein<br \/>\n3-Geschossiges Wohnhaus mit einer gro\u00dfz\u00fcgigen Wohneinheit.<br \/>\nIn seiner Form geht der Bauk\u00f6rper auf die enge Innenhoflage ein, indem er mittig zur\u00fcckspringt und zudem geschossweise abgestaffelt ist. <\/p>\n<p><!--more--><\/p>\n<p>Durch die abgerundeten Kanten f\u00fcgt sich der K\u00f6rper zudem sanft ein und vergr\u00f6\u00dfert den Hof optisch.Der Bauk\u00f6rper wird durch die fl\u00e4chenb\u00fcndigen Fenster, sowie die sehr dunkle Fassadenfarbe betont und zudem hebt er sich vom Bestand des Vordergeb\u00e4udes ohne dies zu beintr\u00e4chtigen ab.<\/p>\n<p>Im Erdgeschoss des Bauk\u00f6rpers sind insgesamt 5 Garagen integriert von denen eine Doppelgarage dem Wohnhaus zugeteilt ist. Ebenso befindet sich dort auch der Eingangsbereich der Wohneinheit, der \u00fcber eine gro\u00dfz\u00fcgige Verglasung zur Garage optisch erweitert wird.<\/p>\n<p>Das 1.Obergschoss ist offen gestaltet und beherbergt das gro\u00dfz\u00fcgige Kochen-Essen-Wohnen. Lediglich eine Wandscheibe, in der zwei gro\u00dfe Schiebeelemente integriert sind,  unterteilt diesen Raum. Bei Bedarf kann hier somit ein Bereich abgetrennt werden. Dem Kochen-Essen zugeordnet befindet sich eine gro\u00dfz\u00fcgige Dachterrasse.<\/p>\n<p>Im 2.Obergescho\u00df befinden sich das Schlafzimmer mit einer Dachterrasse, sowie ein G\u00e4stezimmer und die dazugeh\u00f6rigen B\u00e4der. Im Bereich zwischen diesen R\u00e4umen ist zentral, ein offener Arbeitsbereich untergebracht. <\/p>\n<p>Als zentrales Element verbindet die Rohstahltreppe die Geschosse. In Ihren zwei L\u00e4ufen erweitert sie sich trichterf\u00f6rmig nach oben um, auch hier eine gewisse Gro\u00dfz\u00fcgigkeit zu bewirken. Zudem wird hierdurch die Belichtung durch das Oberlicht im 2.Obergeschoss bis in die unteren Geschosse sp\u00fcrbar.<\/p>\n<p>Erstellt wurde das Geb\u00e4ude in Mischbauweise: Das Erdgeschoss, sowie die Grenzw\u00e4nde wurden in Beton und Mauerwerkskonstruktion erstellt. Die oberen Geschosse wurden in Elementbauweise errichtet. Hierbei handelt es sich um Kreuz-Lagen-Holz Elemente, wobei jeweils die Deckenelemente als Sichtdecken ausgef\u00fchrt wurden. <\/p>\n<p>Die Innengestaltung, sowie das Farbkonzept, wurde von der Eigent\u00fcmerin, Katja Steiger-Fahrenholz, die selbst Innenarchitektin ist, entworfen.<\/p>\n<p><a href=\"http:\/\/www.home.bauphase.eu\/wordpress\/wp-content\/gallery\/R11aRG\/TRH2.jpg\" rel=\"lightbox[]\"><img decoding=\"async\" class=\"ngg-singlepic ngg-center\" src=\"http:\/\/www.home.bauphase.eu\/wordpress\/wp-content\/gallery\/R11aRG-thumbs\/TRH1.jpg\" alt=\"R11a RG\" \/><\/a><\/p>\n<p><a href=\"http:\/\/www.home.bauphase.eu\/wordpress\/wp-content\/gallery\/R11a RG\/WR2.jpg\" rel=\"lightbox[]\"><img decoding=\"async\" class=\"ngg-singlepic ngg-center\" src=\"http:\/\/www.home.bauphase.eu\/wordpress\/wp-content\/gallery\/R11a RG-thumbs\/WR1.jpg\" alt=\"R11a RG\" \/><\/a><\/p>\n","protected":false},"excerpt":{"rendered":"<p>Beim Neubau des R\u00fcckgeb\u00e4udes der Rumfordstra\u00dfe 11a handelt es sich um ein 3-Geschossiges Wohnhaus mit einer gro\u00dfz\u00fcgigen Wohneinheit. In seiner Form geht der Bauk\u00f6rper auf die enge Innenhoflage ein, indem er mittig zur\u00fcckspringt und zudem geschossweise abgestaffelt ist.<\/p>\n","protected":false},"author":2,"featured_media":0,"parent":0,"menu_order":0,"comment_status":"closed","ping_status":"closed","template":"","meta":{"ngg_post_thumbnail":0,"footnotes":""},"class_list":["post-887","page","type-page","status-publish","hentry"],"_links":{"self":[{"href":"http:\/\/www.home.bauphase.eu\/index.php?rest_route=\/wp\/v2\/pages\/887","targetHints":{"allow":["GET"]}}],"collection":[{"href":"http:\/\/www.home.bauphase.eu\/index.php?rest_route=\/wp\/v2\/pages"}],"about":[{"href":"http:\/\/www.home.bauphase.eu\/index.php?rest_route=\/wp\/v2\/types\/page"}],"author":[{"embeddable":true,"href":"http:\/\/www.home.bauphase.eu\/index.php?rest_route=\/wp\/v2\/users\/2"}],"replies":[{"embeddable":true,"href":"http:\/\/www.home.bauphase.eu\/index.php?rest_route=%2Fwp%2Fv2%2Fcomments&post=887"}],"version-history":[{"count":2,"href":"http:\/\/www.home.bauphase.eu\/index.php?rest_route=\/wp\/v2\/pages\/887\/revisions"}],"predecessor-version":[{"id":889,"href":"http:\/\/www.home.bauphase.eu\/index.php?rest_route=\/wp\/v2\/pages\/887\/revisions\/889"}],"wp:attachment":[{"href":"http:\/\/www.home.bauphase.eu\/index.php?rest_route=%2Fwp%2Fv2%2Fmedia&parent=887"}],"curies":[{"name":"wp","href":"https:\/\/api.w.org\/{rel}","templated":true}]}}